{"id":11703,"date":"2023-09-20T12:27:28","date_gmt":"2023-09-20T10:27:28","guid":{"rendered":"https:\/\/bestmalz-dev.ultrabold.de\/news\/"},"modified":"2023-09-25T11:09:02","modified_gmt":"2023-09-25T09:09:02","slug":"news","status":"publish","type":"page","link":"https:\/\/bestmalz.de\/en\/news\/","title":{"rendered":"News"},"content":{"rendered":"<style>.kb-row-layout-id11703_1b93dc-bb > .kt-row-column-wrap{align-content:start;}:where(.kb-row-layout-id11703_1b93dc-bb > .kt-row-column-wrap) > .wp-block-kadence-column{justify-content:start;}.kb-row-layout-id11703_1b93dc-bb > .kt-row-column-wrap{column-gap:var(--global-kb-gap-md, 2rem);row-gap:var(--global-kb-gap-md, 2rem);max-width:var( --global-content-width, 1345px );padding-left:var(--global-content-edge-padding);padding-right:var(--global-content-edge-padding);padding-top:0px;padding-bottom:120px;grid-template-columns:minmax(0, 1fr);}.kb-row-layout-id11703_1b93dc-bb > .kt-row-layout-overlay{opacity:0.30;}@media all and (max-width: 1024px){.kb-row-layout-id11703_1b93dc-bb > .kt-row-column-wrap{grid-template-columns:minmax(0, 1fr);}}@media all and (max-width: 767px){.kb-row-layout-id11703_1b93dc-bb > .kt-row-column-wrap{grid-template-columns:minmax(0, 1fr);}}<\/style><div class=\"kb-row-layout-wrap kb-row-layout-id11703_1b93dc-bb alignnone wp-block-kadence-rowlayout\"><div class=\"kt-row-column-wrap kt-has-1-columns kt-row-layout-equal kt-tab-layout-inherit kt-mobile-layout-row kt-row-valign-top kb-theme-content-width\">\n<style>.kadence-column11703_e3d86e-0e > .kt-inside-inner-col,.kadence-column11703_e3d86e-0e > .kt-inside-inner-col:before{border-top-left-radius:0px;border-top-right-radius:0px;border-bottom-right-radius:0px;border-bottom-left-radius:0px;}.kadence-column11703_e3d86e-0e > .kt-inside-inner-col{column-gap:var(--global-kb-gap-sm, 1rem);}.kadence-column11703_e3d86e-0e > .kt-inside-inner-col{flex-direction:column;}.kadence-column11703_e3d86e-0e > .kt-inside-inner-col > .aligncenter{width:100%;}.kadence-column11703_e3d86e-0e > .kt-inside-inner-col:before{opacity:0.3;}.kadence-column11703_e3d86e-0e{position:relative;}@media all and (max-width: 1024px){.kadence-column11703_e3d86e-0e > .kt-inside-inner-col{flex-direction:column;justify-content:center;}}@media all and (max-width: 767px){.kadence-column11703_e3d86e-0e > .kt-inside-inner-col{flex-direction:column;justify-content:center;}}<\/style>\n<div class=\"wp-block-kadence-column kadence-column11703_e3d86e-0e\"><div class=\"kt-inside-inner-col\">                <div class=\"news-grid-wrapper\">\n                    <div class=\"news-wrapper\">\n                                                    <div class=\"news-item\">\n                                <div class=\"news-box\">\n    <a href=\"https:\/\/bestmalz.de\/en\/news\/15-discount-on-selected-aeb-yeasts-while-supplies-last\/\">\n        <div class=\"thumbnail\" >\n            <img decoding=\"async\" src=\"https:\/\/bestmalz.de\/wp-content\/uploads\/2026\/04\/Trockenhefe-Foto-KI-generiert-MS-Copilot_2400x1600.png\" alt=\"\" title=\"Trockenhefe zum Brauen BESTer Biere\" \/>\n        <\/div>\n        <div class=\"news-content\">\n            <p class=\"news-meta mb-0\">\n                <span class=\"news-meta-item\">15. April 2026<\/span>\n                <span class=\"news-meta-item\">Promotion<\/span>\n            <\/p>\n            <h3 class=\"mb-0 title\">\n                15% discount on selected AEB yeasts \u2013 while supplies last!            <\/h3>\n            <div class=\"content\">\n                <p>BESTMALZ is AEB Brewings' exclusive distribution partner. Starting now, BESTMALZ is offering an attractive discount on high-quality yeasts from AEB Brewing. <\/p>\n            <\/div>\n        <\/div>\n    <\/a>\n<\/div>\n                            <\/div>\n                                                    <div class=\"news-item\">\n                                <div class=\"news-box\">\n    <a href=\"https:\/\/bestmalz.de\/en\/news\/bestbrewchallenge-2026-jetzt-registrieren-und-teil-des-weltweit-groessten-simultanen-bierbrau-events-werden\/\">\n        <div class=\"thumbnail\" >\n            <img decoding=\"async\" src=\"https:\/\/bestmalz.de\/wp-content\/uploads\/2026\/03\/BestBrewChallenge_2026_Beitragsbild_News_EN_2400x1600_by-BESTMALZ.jpg\" alt=\"BestBrewChallenge 2026\" title=\"BestBrewChallenge_2026_Beitragsbild_News_EN_2400x1600_by BESTMALZ\" \/>\n        <\/div>\n        <div class=\"news-content\">\n            <p class=\"news-meta mb-0\">\n                <span class=\"news-meta-item\">03. March 2026<\/span>\n                <span class=\"news-meta-item\">Events<\/span>\n            <\/p>\n            <h3 class=\"mb-0 title\">\n                BestBrewChallenge 2026: Register now and be part of the world&#8217;s largest simultaneous beer brewing event            <\/h3>\n            <div class=\"content\">\n                <p>The international brewing community is invited to register now for the BestBrewChallenge 2026. Organized by Palatia Malz GmbH, this annual event is considered the world&#8217;s largest simultaneous community brewing event and is aimed at hobby brewers and breweries of all sizes around the globe.From April 20 to 26 a beer of a specified style will...<\/p>\n            <\/div>\n        <\/div>\n    <\/a>\n<\/div>\n                            <\/div>\n                                                    <div class=\"news-item\">\n                                <div class=\"news-box\">\n    <a href=\"https:\/\/bestmalz.de\/en\/news\/new-malting-barley-variety-added-to-the-berliner-program\/\">\n        <div class=\"thumbnail\" >\n            <img decoding=\"async\" src=\"https:\/\/bestmalz.de\/wp-content\/uploads\/2026\/02\/20210719_173411_Ernteanlieferung_Palatia-Malz-Wallertheim_2400x1600.jpg\" alt=\"Gerstenanlieferung Werk der Palatia Malz GmbH Wallertheim\" title=\"20210719_173411_Ernteanlieferung_Palatia-Malz-Wallertheim_2400x1600\" \/>\n        <\/div>\n        <div class=\"news-content\">\n            <p class=\"news-meta mb-0\">\n                <span class=\"news-meta-item\">12. February 2026<\/span>\n                <span class=\"news-meta-item\">malt&amp;more<\/span>\n            <\/p>\n            <h3 class=\"mb-0 title\">\n                New malting barley variety added to the range            <\/h3>\n            <div class=\"content\">\n                <p>Following nationwide malting and brewing trials on a practical scale as part of the Berlin program, the variety committee of the Braugersten-Gemeinschaft e.V. (Malting Barley Association) has issued processing recommendations for the varieties \u201cExcalibur\u201d (Saatzucht Ackermann) and \u201cLG Baryton\u201d (Limagrain). For BESTMALZ malts, this means the following: &#8220;The \u2018Excalibur\u2019 variety is believed to have great...<\/p>\n            <\/div>\n        <\/div>\n    <\/a>\n<\/div>\n                            <\/div>\n                                                    <div class=\"news-item\">\n                                <div class=\"news-box\">\n    <a href=\"https:\/\/bestmalz.de\/en\/news\/how-was-the-harvest-of-german-high-quality-malting-barley-in-2025\/\">\n        <div class=\"thumbnail\" >\n            <img decoding=\"async\" src=\"https:\/\/bestmalz.de\/wp-content\/uploads\/2025\/11\/Bestmalz_Gerstenfeld_FOTO-001-7_2400x1600.jpg\" alt=\"\" title=\"Bestmalz_Gerstenfeld_FOTO-001 (7)_2400x1600\" \/>\n        <\/div>\n        <div class=\"news-content\">\n            <p class=\"news-meta mb-0\">\n                <span class=\"news-meta-item\">17. November 2025<\/span>\n                <span class=\"news-meta-item\">malt&amp;more<\/span>\n            <\/p>\n            <h3 class=\"mb-0 title\">\n                How was the Harvest of German High-quality Malting Barley in 2025?            <\/h3>\n            <div class=\"content\">\n                <p>Spring sowing conditions for the 2025 malting barley crop were excellent. Subsequently, however, the weather turned extremely variable with a severe drought in April, a cool May, and above-average rainfall in June, followed by a brief heat wave and persistent rains in July. These weather fluctuations had very different regional effects on crop development, mostly...<\/p>\n            <\/div>\n        <\/div>\n    <\/a>\n<\/div>\n                            <\/div>\n                                                    <div class=\"news-item\">\n                                <div class=\"news-box\">\n    <a href=\"https:\/\/bestmalz.de\/en\/news\/bestbrewchallenge-2025-winners-announced\/\">\n        <div class=\"thumbnail\" >\n            <img decoding=\"async\" src=\"https:\/\/bestmalz.de\/wp-content\/uploads\/2025\/09\/2025-09_Besuch-Sieger-BestBrewChallenge_Bestmalz_Heidelberg-35_2400x1600-1.jpg\" alt=\"\" title=\"2025-09_Besuch Sieger BestBrewChallenge_Bestmalz_Heidelberg (35)_2400x1600\" \/>\n        <\/div>\n        <div class=\"news-content\">\n            <p class=\"news-meta mb-0\">\n                <span class=\"news-meta-item\">23. September 2025<\/span>\n                <span class=\"news-meta-item\">Around the world<\/span>\n            <\/p>\n            <h3 class=\"mb-0 title\">\n                BestBrewChallenge 2025: Winners announced!            <\/h3>\n            <div class=\"content\">\n                <p>The jury of beer sommeliers has made its decision, and the winners of the BestBrewChallenge 2025 were announced during the festive online award ceremony: They come from Lithuania, the Czech Republic, and Germany.The winners:1st place: Tomas Sirtautas from the Relaxed Man brewery in Lithuania with his beer Out for Delivery2nd place: Tom\u00e1\u0161 Kuzn\u00edk from Dom\u00e1c\u00ed...<\/p>\n            <\/div>\n        <\/div>\n    <\/a>\n<\/div>\n                            <\/div>\n                                                    <div class=\"news-item\">\n                                <div class=\"news-box\">\n    <a href=\"https:\/\/bestmalz.de\/en\/news\/tasting-the-bestbrewchallenge-2025-a-celebration-for-the-senses\/\">\n        <div class=\"thumbnail\" >\n            <img decoding=\"async\" src=\"https:\/\/bestmalz.de\/wp-content\/uploads\/2025\/07\/2025-06-26_Tasting-BestBrewChallenge_Bestmalz_Heidelberg-15-scaled.jpg\" alt=\"Tasting zur BestBrewChallenge 2025\" title=\"2025-06-26_Tasting BestBrewChallenge_Bestmalz_Heidelberg (15)\" \/>\n        <\/div>\n        <div class=\"news-content\">\n            <p class=\"news-meta mb-0\">\n                <span class=\"news-meta-item\">02. July 2025<\/span>\n                <span class=\"news-meta-item\">Events<\/span>\n            <\/p>\n            <h3 class=\"mb-0 title\">\n                Tasting the BestBrewChallenge 2025 \u2013 A Celebration for the Senses            <\/h3>\n            <div class=\"content\">\n                <p>A professional jury of beer sommeliers was invited to judge the Oatmeal Stouts in Heidelberg. Read a review of the tasting and find out where the winnig beers were brewed.<\/p>\n            <\/div>\n        <\/div>\n    <\/a>\n<\/div>\n                            <\/div>\n                                            <\/div>\n                    \n                    <div class=\"news-pagination\">\n                        <a href=\"https:\/\/bestmalz.de\/en\/wp-json\/wp\/v2\/pages\/11703\/\" class=\"prev-page disabled\">\n                            Zur\u00fcck\n                        <\/a>\n                        <div class=\"page-overview\">\n                            <span class=\"current-page\">1<\/span>\n                            <span class=\"max-pages\">5<\/span>\n                        <\/div>\n                        <a href=\"https:\/\/bestmalz.de\/en\/wp-json\/wp\/v2\/pages\/11703\/page\/2\/\" class=\"next-page \">\n                            Weiter\n                        <\/a>\n                    <\/div>\n                <\/div>\n            \n<\/div><\/div>\n\n<\/div><\/div>","protected":false},"excerpt":{"rendered":"","protected":false},"author":7,"featured_media":0,"parent":0,"menu_order":0,"comment_status":"closed","ping_status":"closed","template":"","meta":{"_acf_changed":false,"_kad_blocks_custom_css":"","_kad_blocks_head_custom_js":"","_kad_blocks_body_custom_js":"","_kad_blocks_footer_custom_js":"","_kad_post_transparent":"","_kad_post_title":"hide","_kad_post_layout":"","_kad_post_sidebar_id":"","_kad_post_content_style":"","_kad_post_vertical_padding":"","_kad_post_feature":"","_kad_post_feature_position":"","_kad_post_header":false,"_kad_post_footer":false,"_kad_post_classname":"","footnotes":""},"class_list":["post-11703","page","type-page","status-publish","hentry"],"acf":[],"yoast_head":"<!-- This site is optimized with the Yoast SEO plugin v27.4 - https:\/\/yoast.com\/product\/yoast-seo-wordpress\/ -->\n<title>News - BESTMALZ | Braumalz aus Deutschland<\/title>\n<meta name=\"robots\" content=\"index, follow, max-snippet:-1, max-image-preview:large, max-video-preview:-1\" \/>\n<link rel=\"canonical\" href=\"https:\/\/bestmalz.de\/en\/news\/\" \/>\n<meta property=\"og:locale\" content=\"en_US\" \/>\n<meta property=\"og:type\" content=\"article\" \/>\n<meta property=\"og:title\" content=\"News - BESTMALZ | Braumalz aus Deutschland\" \/>\n<meta property=\"og:url\" content=\"https:\/\/bestmalz.de\/en\/news\/\" \/>\n<meta property=\"og:site_name\" content=\"BESTMALZ | Braumalz aus Deutschland\" \/>\n<meta property=\"article:modified_time\" content=\"2023-09-25T09:09:02+00:00\" \/>\n<meta property=\"og:image\" content=\"https:\/\/bestmalz.de\/wp-content\/uploads\/bestchild.jpg\" \/>\n\t<meta property=\"og:image:width\" content=\"1200\" \/>\n\t<meta property=\"og:image:height\" content=\"900\" \/>\n\t<meta property=\"og:image:type\" content=\"image\/jpeg\" \/>\n<meta name=\"twitter:card\" content=\"summary_large_image\" \/>\n<script type=\"application\/ld+json\" class=\"yoast-schema-graph\">{\"@context\":\"https:\\\/\\\/schema.org\",\"@graph\":[{\"@type\":\"WebPage\",\"@id\":\"https:\\\/\\\/bestmalz.de\\\/en\\\/news\\\/\",\"url\":\"https:\\\/\\\/bestmalz.de\\\/en\\\/news\\\/\",\"name\":\"News - BESTMALZ | Braumalz aus Deutschland\",\"isPartOf\":{\"@id\":\"https:\\\/\\\/bestmalz.de\\\/en\\\/#website\"},\"datePublished\":\"2023-09-20T10:27:28+00:00\",\"dateModified\":\"2023-09-25T09:09:02+00:00\",\"inLanguage\":\"en-US\",\"potentialAction\":[{\"@type\":\"ReadAction\",\"target\":[\"https:\\\/\\\/bestmalz.de\\\/en\\\/news\\\/\"]}]},{\"@type\":\"WebSite\",\"@id\":\"https:\\\/\\\/bestmalz.de\\\/en\\\/#website\",\"url\":\"https:\\\/\\\/bestmalz.de\\\/en\\\/\",\"name\":\"BESTMALZ | Braumalz aus Deutschland\",\"description\":\"F\u00fcr die besten Biere\",\"publisher\":{\"@id\":\"https:\\\/\\\/bestmalz.de\\\/en\\\/#organization\"},\"potentialAction\":[{\"@type\":\"SearchAction\",\"target\":{\"@type\":\"EntryPoint\",\"urlTemplate\":\"https:\\\/\\\/bestmalz.de\\\/en\\\/?s={search_term_string}\"},\"query-input\":{\"@type\":\"PropertyValueSpecification\",\"valueRequired\":true,\"valueName\":\"search_term_string\"}}],\"inLanguage\":\"en-US\"},{\"@type\":\"Organization\",\"@id\":\"https:\\\/\\\/bestmalz.de\\\/en\\\/#organization\",\"name\":\"Palatia Malz GmbH\",\"url\":\"https:\\\/\\\/bestmalz.de\\\/en\\\/\",\"logo\":{\"@type\":\"ImageObject\",\"inLanguage\":\"en-US\",\"@id\":\"https:\\\/\\\/bestmalz.de\\\/en\\\/#\\\/schema\\\/logo\\\/image\\\/\",\"url\":\"https:\\\/\\\/bestmalz.de\\\/wp-content\\\/uploads\\\/bestmalz-logo-dark.svg\",\"contentUrl\":\"https:\\\/\\\/bestmalz.de\\\/wp-content\\\/uploads\\\/bestmalz-logo-dark.svg\",\"caption\":\"Palatia Malz GmbH\"},\"image\":{\"@id\":\"https:\\\/\\\/bestmalz.de\\\/en\\\/#\\\/schema\\\/logo\\\/image\\\/\"}}]}<\/script>\n<!-- \/ Yoast SEO plugin. -->","yoast_head_json":{"title":"News - BESTMALZ | Braumalz aus Deutschland","robots":{"index":"index","follow":"follow","max-snippet":"max-snippet:-1","max-image-preview":"max-image-preview:large","max-video-preview":"max-video-preview:-1"},"canonical":"https:\/\/bestmalz.de\/en\/news\/","og_locale":"en_US","og_type":"article","og_title":"News - BESTMALZ | Braumalz aus Deutschland","og_url":"https:\/\/bestmalz.de\/en\/news\/","og_site_name":"BESTMALZ | Braumalz aus Deutschland","article_modified_time":"2023-09-25T09:09:02+00:00","og_image":[{"width":1200,"height":900,"url":"https:\/\/bestmalz.de\/wp-content\/uploads\/bestchild.jpg","type":"image\/jpeg"}],"twitter_card":"summary_large_image","schema":{"@context":"https:\/\/schema.org","@graph":[{"@type":"WebPage","@id":"https:\/\/bestmalz.de\/en\/news\/","url":"https:\/\/bestmalz.de\/en\/news\/","name":"News - BESTMALZ | Braumalz aus Deutschland","isPartOf":{"@id":"https:\/\/bestmalz.de\/en\/#website"},"datePublished":"2023-09-20T10:27:28+00:00","dateModified":"2023-09-25T09:09:02+00:00","inLanguage":"en-US","potentialAction":[{"@type":"ReadAction","target":["https:\/\/bestmalz.de\/en\/news\/"]}]},{"@type":"WebSite","@id":"https:\/\/bestmalz.de\/en\/#website","url":"https:\/\/bestmalz.de\/en\/","name":"BESTMALZ | Braumalz aus Deutschland","description":"F\u00fcr die besten Biere","publisher":{"@id":"https:\/\/bestmalz.de\/en\/#organization"},"potentialAction":[{"@type":"SearchAction","target":{"@type":"EntryPoint","urlTemplate":"https:\/\/bestmalz.de\/en\/?s={search_term_string}"},"query-input":{"@type":"PropertyValueSpecification","valueRequired":true,"valueName":"search_term_string"}}],"inLanguage":"en-US"},{"@type":"Organization","@id":"https:\/\/bestmalz.de\/en\/#organization","name":"Palatia Malz GmbH","url":"https:\/\/bestmalz.de\/en\/","logo":{"@type":"ImageObject","inLanguage":"en-US","@id":"https:\/\/bestmalz.de\/en\/#\/schema\/logo\/image\/","url":"https:\/\/bestmalz.de\/wp-content\/uploads\/bestmalz-logo-dark.svg","contentUrl":"https:\/\/bestmalz.de\/wp-content\/uploads\/bestmalz-logo-dark.svg","caption":"Palatia Malz GmbH"},"image":{"@id":"https:\/\/bestmalz.de\/en\/#\/schema\/logo\/image\/"}}]}},"taxonomy_info":[],"featured_image_src_large":false,"author_info":{"display_name":"sfdev","author_link":"https:\/\/bestmalz.de\/en\/news\/author\/simplefox\/"},"comment_info":0,"_links":{"self":[{"href":"https:\/\/bestmalz.de\/en\/wp-json\/wp\/v2\/pages\/11703","targetHints":{"allow":["GET"]}}],"collection":[{"href":"https:\/\/bestmalz.de\/en\/wp-json\/wp\/v2\/pages"}],"about":[{"href":"https:\/\/bestmalz.de\/en\/wp-json\/wp\/v2\/types\/page"}],"author":[{"embeddable":true,"href":"https:\/\/bestmalz.de\/en\/wp-json\/wp\/v2\/users\/7"}],"replies":[{"embeddable":true,"href":"https:\/\/bestmalz.de\/en\/wp-json\/wp\/v2\/comments?post=11703"}],"version-history":[{"count":3,"href":"https:\/\/bestmalz.de\/en\/wp-json\/wp\/v2\/pages\/11703\/revisions"}],"predecessor-version":[{"id":13164,"href":"https:\/\/bestmalz.de\/en\/wp-json\/wp\/v2\/pages\/11703\/revisions\/13164"}],"wp:attachment":[{"href":"https:\/\/bestmalz.de\/en\/wp-json\/wp\/v2\/media?parent=11703"}],"curies":[{"name":"wp","href":"https:\/\/api.w.org\/{rel}","templated":true}]}}